{"id":5092,"date":"2021-05-24T18:15:59","date_gmt":"2021-05-24T17:15:59","guid":{"rendered":"https:\/\/yourlocalplanner.com\/?page_id=5092"},"modified":"2021-05-24T18:16:49","modified_gmt":"2021-05-24T17:16:49","slug":"elementor-5092","status":"publish","type":"page","link":"https:\/\/yourlocalplanner.com\/en\/elementor-5092\/","title":{"rendered":"Legal warning"},"content":{"rendered":"<div data-elementor-type=\"wp-page\" data-elementor-id=\"5092\" class=\"elementor elementor-5092\">\n\t\t\t\t\t\t<section class=\"elementor-section elementor-top-section elementor-element elementor-element-7694c36e elementor-section-boxed elementor-section-height-default elementor-section-height-default\" data-id=\"7694c36e\" data-element_type=\"section\" data-e-type=\"section\">\n\t\t\t\t\t\t<div class=\"elementor-container elementor-column-gap-default\">\n\t\t\t\t\t<div class=\"elementor-column elementor-col-100 elementor-top-column elementor-element elementor-element-5762ed4d\" data-id=\"5762ed4d\" data-element_type=\"column\" data-e-type=\"column\">\n\t\t\t<div class=\"elementor-widget-wrap elementor-element-populated\">\n\t\t\t\t\t\t<div class=\"elementor-element elementor-element-2660deb2 elementor-widget elementor-widget-heading\" data-id=\"2660deb2\" data-element_type=\"widget\" data-e-type=\"widget\" data-widget_type=\"heading.default\">\n\t\t\t\t<div class=\"elementor-widget-container\">\n\t\t\t\t\t<h2 class=\"elementor-heading-title elementor-size-default\">Terms and Conditions<\/h2>\t\t\t\t<\/div>\n\t\t\t\t<\/div>\n\t\t\t\t\t<\/div>\n\t\t<\/div>\n\t\t\t\t\t<\/div>\n\t\t<\/section>\n\t\t\t\t<section class=\"elementor-section elementor-top-section elementor-element elementor-element-289e53b4 elementor-section-boxed elementor-section-height-default elementor-section-height-default\" data-id=\"289e53b4\" data-element_type=\"section\" data-e-type=\"section\">\n\t\t\t\t\t\t<div class=\"elementor-container elementor-column-gap-default\">\n\t\t\t\t\t<div class=\"elementor-column elementor-col-100 elementor-top-column elementor-element elementor-element-6429cea8\" data-id=\"6429cea8\" data-element_type=\"column\" data-e-type=\"column\">\n\t\t\t<div class=\"elementor-widget-wrap elementor-element-populated\">\n\t\t\t\t\t\t<div class=\"elementor-element elementor-element-54e01826 elementor-widget elementor-widget-text-editor\" data-id=\"54e01826\" data-element_type=\"widget\" data-e-type=\"widget\" data-widget_type=\"text-editor.default\">\n\t\t\t\t<div class=\"elementor-widget-container\">\n\t\t\t\t\t\t\t\t\t<p><\/p><p><\/p><p><\/p><p><\/p><p><\/p><p>We thank you for visiting our website. Please read the Terms and Conditions carefully because using the website implies that you have accepted everything set out below. Any subsequent modification also implies with access to the website that you are accepting the terms and conditions.<\/p><p><b>1. OWNERSHIP OF THE WEBSITE<\/b><\/p><p>This document includes all the terms and conditions that govern access to the website www.yourlocalplanner.com, property of Raquel Garc\u00eda Toste, with address for notification purposes located at: C\/ Agust\u00edn de Bethancourt 59, La Orotava, Santa Cruz de Tenerife. CP 38300 and email \u201cinfo@yourlocalplanner.com\u201d<\/p><p><b>2. PURPOSE.<\/b><\/p><p>The purpose of this website is none other than to provide users with access to information, as well as the services provided by Raquel Garc\u00eda Toste, to all users interested in them.<\/p><p><b>3. PRIVACY AND DATA PROTECTION POLICY.<\/b><\/p><p>All information that you provide us about your own data (personal, materials, etc.) will be governed by what is indicated in our Privacy Policy to which you have access on this website.<\/p><p><b>4. CONTENTS OF THE WEBSITE.<\/b><\/p><p>All content on the website will be provided in Spanish, so we are not responsible for any user error in understanding, nor the consequences that may arise from said error in understanding.<\/p><p>The content of the website is provided by Raquel Garc\u00eda Toste and we will not be responsible if the information and content of said website is incomplete, inaccurate or without complete veracity.<\/p><p>Raque Garc\u00eda Toste is the only one authorized to modify the content of the website, whether to add content or remove it. With this we make special mention that we will have the power to delete defamatory, offensive and sexual comments, without previously requesting consent.<\/p><p>By accepting these terms and conditions, you agree not to modify, commercialize, disclose information, or advertise either the website or the content that appears on it. You also agree not to make inaccurate, false or misleading statements about Your Local Planner, or about Raquel Garc\u00eda Toste.<\/p><p><b>5. LIMITATION OF LIABILITY.<\/b><\/p><p>Raquel Garc\u00eda Toste undertakes to strive to guarantee that all the information that appears on the website is true, complete, and constantly updated, but we are not responsible if this is not the case, despite the effort.<\/p><p>The user will be solely responsible for the consequences that may arise from the use of the contents and materials of the website. By using the website you are agreeing to assume full responsibility for the above, in addition to being responsible for being aware of any modifications that may exist in the information on the website.<\/p><p>If you do not understand something in the language in which it is written, you are responsible for what you can understand by having translated the information or content.<\/p><p>If, due to the use of this website, your device receives a virus, Raquel Garc\u00eda Toste will not be responsible, in the same way if you decide to download any type of content.<\/p><p>In accordance with current laws, and to the greatest extent, the user will waive any action or make a claim against the employer, administrators, suppliers and IT professionals who are related to Raquel Garc\u00eda Toste and its website.<\/p><p><b>6. INTELLECTUAL AND INDUSTRIAL PROPERTY<\/b><\/p><p>Any right of reproduction, trademark and intellectual property and any type of content that appears on the website only belongs to Raquel Garc\u00eda Toste.<\/p><p>You are allowed to freely browse the web and observe all the content of the website, but you cannot alter it, nor appropriate any of the rights held by Raquel Garc\u00eda Toste on its website.<\/p><p>Any commercialization of the Raquel Garc\u00eda Toste brand is prohibited, as is profit from any of the content that appears on the website. Any fraudulent use of the content, the brand or the website will result in the adoption of appropriate legal measures.<\/p><p><b>7. COOKIES<\/b><\/p><p>When the use of the website involves the use of cookies, their confidentiality and privacy will be respected. For any questions or concerns at<\/p><p>Regarding the use of Cookies, you can refer to our Cookies Policy, located on this website.<\/p><p><b>8. APPLICABLE LEGISLATION AND JURISDICTION.<\/b><\/p><p>Regarding applicable legislation and jurisdiction, we note that this website, as well as this legal notice, will be governed and interpreted by Spanish law. Furthermore, both Raquel Garc\u00eda Toste, and all users who visit the website, expressly renounce, with access to the website, any jurisdiction that corresponds to them, submitting to the courts and tribunals of the domicile of the user who accesses the website, for any possible dispute that may exist. As long as the accessing user is outside the Spanish State, both Raquel Garc\u00eda Toste and the users who access the website expressly renounce all jurisdictions, courts and tribunals other than those of Raquel Garc\u00eda Toste&#039;s domicile.<\/p><p><\/p><p><\/p><h3 class=\"wp-block-heading\">\u00a0<\/h3><p><\/p><p><\/p><h3 class=\"wp-block-heading\">\u00a0<\/h3><p><\/p><p><\/p><h3 class=\"wp-block-heading\">\u00a0<\/h3><p><\/p><p><\/p><h3 class=\"wp-block-heading\">\u00a0<\/h3><p><\/p><p><\/p><h3 class=\"wp-block-heading\">\u00a0<\/h3><p><\/p>\t\t\t\t\t\t\t\t<\/div>\n\t\t\t\t<\/div>\n\t\t\t\t\t<\/div>\n\t\t<\/div>\n\t\t\t\t\t<\/div>\n\t\t<\/section>\n\t\t\t\t<\/div>","protected":false},"excerpt":{"rendered":"<p>T\u00e9rminos y condiciones Le agradecemos que haya visitado nuestra p\u00e1gina web. Lea detenidamente los T\u00e9rminos y Condiciones porque el uso de la web implica que ha aceptado todo lo que se exponga a continuaci\u00f3n. Toda modificaci\u00f3n ulterior implica igualmente con el acceso a la p\u00e1gina web que se est\u00e1n aceptando los t\u00e9rminos y condiciones. 1. [&hellip;]<\/p>\n","protected":false},"author":4,"featured_media":0,"parent":0,"menu_order":0,"comment_status":"closed","ping_status":"closed","template":"","meta":{"footnotes":""},"class_list":["post-5092","page","type-page","status-publish","hentry","entry","owp-thumbs-layout-horizontal","owp-btn-very-big","owp-tabs-layout-vertical","has-no-thumbnails","has-product-nav"],"_links":{"self":[{"href":"https:\/\/yourlocalplanner.com\/en\/wp-json\/wp\/v2\/pages\/5092","targetHints":{"allow":["GET"]}}],"collection":[{"href":"https:\/\/yourlocalplanner.com\/en\/wp-json\/wp\/v2\/pages"}],"about":[{"href":"https:\/\/yourlocalplanner.com\/en\/wp-json\/wp\/v2\/types\/page"}],"author":[{"embeddable":true,"href":"https:\/\/yourlocalplanner.com\/en\/wp-json\/wp\/v2\/users\/4"}],"replies":[{"embeddable":true,"href":"https:\/\/yourlocalplanner.com\/en\/wp-json\/wp\/v2\/comments?post=5092"}],"version-history":[{"count":5,"href":"https:\/\/yourlocalplanner.com\/en\/wp-json\/wp\/v2\/pages\/5092\/revisions"}],"predecessor-version":[{"id":5097,"href":"https:\/\/yourlocalplanner.com\/en\/wp-json\/wp\/v2\/pages\/5092\/revisions\/5097"}],"wp:attachment":[{"href":"https:\/\/yourlocalplanner.com\/en\/wp-json\/wp\/v2\/media?parent=5092"}],"curies":[{"name":"wp","href":"https:\/\/api.w.org\/{rel}","templated":true}]}}